{"id":54,"date":"2025-08-23T17:11:25","date_gmt":"2025-08-23T15:11:25","guid":{"rendered":"https:\/\/annalenaplatzer.de\/?page_id=54"},"modified":"2025-08-25T14:53:54","modified_gmt":"2025-08-25T12:53:54","slug":"impressum","status":"publish","type":"page","link":"https:\/\/annalenaplatzer.de\/?page_id=54","title":{"rendered":"Impressum"},"content":{"rendered":"\n<h5 class=\"wp-block-heading\">Impressum<\/h5>\n\n\n\n<p>Angaben gem\u00e4\u00df \u00a7 5 TMG:<\/p>\n\n\n\n<p>Anna-Lena Platzer<br>J\u00e4gerhofallee 36<br>71638 Ludwigsburg<\/p>\n\n\n\n<p>Kontakt:<br>E-Mail: bookings@annalenaplatzer.de<\/p>\n\n\n\n<p>Verantwortlich f\u00fcr den Inhalt nach \u00a7 55 Abs. 2 RStV:<br>Anna-Lena Platzer<br>J\u00e4gerhofallee 36<br>71638 Ludwigsburg<\/p>\n\n\n\n<p><\/p>\n\n\n\n<p><\/p>\n\n\n\n<hr class=\"wp-block-separator has-alpha-channel-opacity\"\/>\n\n\n\n<h5 class=\"wp-block-heading\">Datenschutzerkl\u00e4rung<\/h5>\n\n\n\n<h6 class=\"wp-block-heading\">1. Verantwortlicher<\/h6>\n\n\n\n<p>Anna-Lena Platzer<br>J\u00e4gerhofallee 36<br>71638 Ludwigsburg<br>E-Mail: <a>bookings@annalenaplatzer.de<\/a><\/p>\n\n\n\n<h6 class=\"wp-block-heading\">2. Allgemeine Hinweise zur Datenverarbeitung<\/h6>\n\n\n\n<p>Ich nehmen den Schutz Ihrer pers\u00f6nlichen Daten sehr ernst. Personenbezogene Daten (z. B. Name, E-Mail) werden nur verarbeitet, wenn dies gesetzlich erlaubt ist oder Sie eingewilligt haben.<\/p>\n\n\n\n<h6 class=\"wp-block-heading\">3. Erhebung und Speicherung personenbezogener Daten<\/h6>\n\n\n\n<p>Beim Besuch dieser Website werden automatisch folgende Daten gespeichert (Server-Logfiles):<\/p>\n\n\n\n<ul class=\"wp-block-list\">\n<li>Browsertyp und -version<\/li>\n\n\n\n<li>Verwendetes Betriebssystem<\/li>\n\n\n\n<li>Referrer-URL<\/li>\n\n\n\n<li>IP-Adresse<\/li>\n\n\n\n<li>Uhrzeit der Serveranfrage<\/li>\n<\/ul>\n\n\n\n<p>Diese Daten sind nicht direkt bestimmten Personen zuordenbar. Eine Zusammenf\u00fchrung mit anderen Datenquellen erfolgt nicht.<\/p>\n\n\n\n<h6 class=\"wp-block-heading\">4. Kontaktaufnahme<\/h6>\n\n\n\n<p>Wenn Sie mich per E-Mail kontaktieren, werden Ihre Angaben zwecks Bearbeitung der Anfrage und f\u00fcr den Fall von Anschlussfragen gespeichert.<\/p>\n\n\n\n<h6 class=\"wp-block-heading\">5. Einbindung von Social Media (Instagram, etc.)<\/h6>\n\n\n\n<p>Auf meiner  Website k\u00f6nnen Links zu externen Social-Media-Plattformen (z. B. Instagram) enthalten sein. Beim Anklicken wird eine Verbindung zu den Servern der Anbieter hergestellt. Ich haben keinen Einfluss auf die Verarbeitung personenbezogener Daten durch diese Plattformen.<\/p>\n\n\n\n<p>Auf dieser Website sind Links zu meinem Profil beim sozialen Netzwerk <strong>Instagram<\/strong> enthalten.<br>Wenn Sie auf einen solchen Link klicken, wird eine direkte Verbindung zu den Servern von Instagram (Meta Platforms Ireland Ltd., 4 Grand Canal Square, Grand Canal Harbour, Dublin 2, Irland) hergestellt. Dabei erh\u00e4lt Instagram die Information, dass Sie mit Ihrer IP-Adresse unsere Website besucht haben.<br>Wenn Sie gleichzeitig bei Instagram eingeloggt sind, kann Instagram den Besuch unserer Website Ihrem Benutzerkonto zuordnen.<\/p>\n\n\n\n<p>Weitere Informationen zur Datenverarbeitung durch Instagram finden Sie in der Datenschutzerkl\u00e4rung von Instagram:<br><a>https:\/\/privacycenter.instagram.com\/policy\/<\/a><\/p>\n\n\n\n<h6 class=\"wp-block-heading\">6. Cookies \/ Analyse-Tools<\/h6>\n\n\n\n<p>Diese Website verwendet keine eigenen Cookies oder Tracking-Tools. Falls zuk\u00fcnftig Analyse- oder Statistik-Tools eingesetzt werden, wird diese Datenschutzerkl\u00e4rung angepasst.<\/p>\n\n\n\n<h6 class=\"wp-block-heading\">7. Ihre Rechte<\/h6>\n\n\n\n<p>Sie haben das Recht auf:<\/p>\n\n\n\n<ul class=\"wp-block-list\">\n<li>Auskunft \u00fcber gespeicherte Daten<\/li>\n\n\n\n<li>Berichtigung unrichtiger Daten<\/li>\n\n\n\n<li>L\u00f6schung gespeicherter Daten<\/li>\n\n\n\n<li>Einschr\u00e4nkung der Verarbeitung<\/li>\n\n\n\n<li>Widerspruch gegen die Verarbeitung<\/li>\n\n\n\n<li>Daten\u00fcbertragbarkeit<\/li>\n<\/ul>\n\n\n\n<p>Wenden Sie sich dazu an: <a>bookings<\/a>@annalenaplatzer.de<\/p>\n\n\n\n<h6 class=\"wp-block-heading\">8. Aufsichtsbeh\u00f6rde<\/h6>\n\n\n\n<p>Sie haben zudem das Recht, sich bei der zust\u00e4ndigen Datenschutzaufsichtsbeh\u00f6rde \u00fcber die Verarbeitung Ihrer personenbezogenen Daten zu beschweren.<\/p>\n","protected":false},"excerpt":{"rendered":"<p>Impressum Angaben gem\u00e4\u00df \u00a7 5 TMG: Anna-Lena PlatzerJ\u00e4gerhofallee 3671638 Ludwigsburg Kontakt:E-Mail: bookings@annalenaplatzer.de Verantwortlich f\u00fcr den Inhalt nach \u00a7 55 Abs. 2 RStV:Anna-Lena PlatzerJ\u00e4gerhofallee 3671638 Ludwigsburg Datenschutzerkl\u00e4rung 1. Verantwortlicher Anna-Lena PlatzerJ\u00e4gerhofallee 3671638 LudwigsburgE-Mail: bookings@annalenaplatzer.de 2. Allgemeine Hinweise zur Datenverarbeitung Ich nehmen den Schutz Ihrer pers\u00f6nlichen Daten sehr ernst. Personenbezogene Daten (z. B. Name, E-Mail) werden nur [&hellip;]<\/p>\n","protected":false},"author":1,"featured_media":0,"parent":0,"menu_order":0,"comment_status":"closed","ping_status":"closed","template":"","meta":{"ngg_post_thumbnail":0,"footnotes":""},"class_list":["post-54","page","type-page","status-publish","hentry"],"_links":{"self":[{"href":"https:\/\/annalenaplatzer.de\/index.php?rest_route=\/wp\/v2\/pages\/54","targetHints":{"allow":["GET"]}}],"collection":[{"href":"https:\/\/annalenaplatzer.de\/index.php?rest_route=\/wp\/v2\/pages"}],"about":[{"href":"https:\/\/annalenaplatzer.de\/index.php?rest_route=\/wp\/v2\/types\/page"}],"author":[{"embeddable":true,"href":"https:\/\/annalenaplatzer.de\/index.php?rest_route=\/wp\/v2\/users\/1"}],"replies":[{"embeddable":true,"href":"https:\/\/annalenaplatzer.de\/index.php?rest_route=%2Fwp%2Fv2%2Fcomments&post=54"}],"version-history":[{"count":4,"href":"https:\/\/annalenaplatzer.de\/index.php?rest_route=\/wp\/v2\/pages\/54\/revisions"}],"predecessor-version":[{"id":102,"href":"https:\/\/annalenaplatzer.de\/index.php?rest_route=\/wp\/v2\/pages\/54\/revisions\/102"}],"wp:attachment":[{"href":"https:\/\/annalenaplatzer.de\/index.php?rest_route=%2Fwp%2Fv2%2Fmedia&parent=54"}],"curies":[{"name":"wp","href":"https:\/\/api.w.org\/{rel}","templated":true}]}}